{"id":2917,"date":"2023-02-22T12:07:08","date_gmt":"2023-02-22T12:07:08","guid":{"rendered":"https:\/\/teknoprogettisrl.it\/privacy-policy\/"},"modified":"2024-02-13T13:13:23","modified_gmt":"2024-02-13T13:13:23","slug":"privacy-policy","status":"publish","type":"page","link":"https:\/\/teknoprogettisrl.it\/en\/privacy-policy\/","title":{"rendered":"Privacy Policy"},"content":{"rendered":"&#13;\n<h3 class=\"wp-block-heading\">GDPR personal data treatment<\/h3>&#13;\n<p>Teknoprogetti engineering Srl, p.iva 03946390964 con sede legale in via Verga 2 a Monza, in persona dell\u2019Ing. Antonio Salmoiraghi, \u00a0(la \u201cSociet\u00e0\u201d) desidera informarLa, in qualit\u00e0 di interessato (l\u2019\u201dInteressato\u201d) che, ai sensi e per gli effetti Regolamento UE 2016\/679 relativo alla \u201cprotezione delle persone fisiche con riguardo al trattamento dei dati personali, nonch\u00e9 alla libera circolazione di tali dati\u201d, il \u201cGDPR\u201d, art.13, e della successiva normativa nazionale di adeguamento del quadro legislativo interno, norme denominate congiuntamente anche \u201cNormativa privacy\u201d, sono previsti una serie di obblighi in capo a chi effettua trattamenti (cio\u00e8 raccolta, registrazione, elaborazione, conservazione, comunicazione, diffusione, ecc.) di dati personali riferiti ad altri soggetti (il \u201cTrattamento\u201d).<\/p>&#13;\n<p>A tal riguardo, la Societ\u00e0 \u00e8 tenuta a fornirLe alcune informazioni riguardanti le modalit\u00e0 e le finalit\u00e0 del Trattamento dei dati personali che La riguardano,<\/p>&#13;\n<p><strong>Titolare e Responsabili del Trattamento<\/strong><\/p>&#13;\n<p>Il titolare del Trattamento \u00e8 il soggetto che determina le finalit\u00e0 e i mezzi di Trattamento dei dati personali (il \u201cTitolare\u201d), e viene identificato nella Societ\u00e0, in persona dell\u2019Ing. Antonio Salmoiraghi.<\/p>&#13;\n<p>Il Titolare del Trattamento potr\u00e0 essere contattato all\u2019indirizzo segreteria@teknoprogettisrl.it.<\/p>&#13;\n<p>I dati personali possono essere trattati per conto del Titolare del Trattamento da altro soggetto designato dal Titolare, il \u201cResponsabile\u201d del Trattamento.<\/p>&#13;\n<p>Se desidera avere maggiori informazioni sull\u2019elenco aggiornato dei Responsabili del Trattamento potr\u00e0 inviare una richiesta scritta ai riferimenti del Titolare sopra indicati.<\/p>&#13;\n<p><strong>Categorie di dati oggetto del Trattamento<\/strong><br\/>Il Titolare tratta i dati personali identificativi (es. nome, cognome, codice fiscale, P.Iva, email, numero telefonico, etc.) da Lei comunicati nel corso delle trattative precontrattuali, durante la sottoscrizione del Contratto e\/o per tutta la durata dello stesso.<\/p>&#13;\n<p>La raccolta dei dati potr\u00e0 essere effettuata anche a seguito della consultazione di pubblici registri, elenchi, atti o documenti conoscibili da chiunque nei limiti e alle condizioni stabiliti dalle norme sulla loro conoscibilit\u00e0.<\/p>&#13;\n<p><strong>Finalit\u00e0 del Trattamento<\/strong><\/p>&#13;\n<p>I Suoi dati personali saranno trattati dalla Societ\u00e0:<br\/>senza il Suo consenso espresso (art. 6, n.1, lett. b, e del GDPR) per le seguenti finalit\u00e0:<\/p>&#13;\n<p>rispondere alle Sue richieste di informazioni;<\/p>&#13;\n<ul>&#13;\n<li>adempiere ad esigenze preliminari alla stipulazione del Contratto per la vendita\/acquisto di beni e\/o di servizi del Titolare;<\/li>&#13;\n<li>effettuare la gestione delle attivit\u00e0 di amministrazione, contabilit\u00e0, ordini, spedizioni,<br\/>fatturazione, servizi;<\/li>&#13;\n<li>adempiere ad ogni obbligo contrattuale e fiscale derivante dal\/i rapporto\/i con Lei in essere;<\/li>&#13;\n<li>adempiere agli obblighi previsti dalla legge, da un regolamento, dalla normativa europea o da un ordine dell\u2019Autorit\u00e0;<\/li>&#13;\n<li>esercitare i diritti del Titolare, quali ad esempio il diritto di difesa in giudizio.<\/li>&#13;\n<\/ul>&#13;\n<p>con il Suo consenso espresso (art. 6, n.1, lett. a, e del GDPR) per le seguenti finalit\u00e0:<\/p>&#13;\n<ul>&#13;\n<li>Marketing (analisi e indagini di mercato);<\/li>&#13;\n<li>Pubblicit\u00e0;<\/li>&#13;\n<li>Invio di materiale informativo e\/o pubblicitario anche mediante telefono o internet;<\/li>&#13;\n<\/ul>&#13;\n<p>In questi ultimi casi, laddove la base giuridica del trattamento sia il consenso, il consenso verr\u00e0 raccolto presso l\u2019interessato, normalmente in sede di ratifica del contratto tra le parti, in allegato al contratto stesso, il consenso verr\u00e0 conservato per poter dimostrare la sua accettazione e la sua mancata accettazione non consentir\u00e0 al titolare quelle finalit\u00e0 nei confronti dell\u2019interessato.<\/p>&#13;\n<p>Qualora il Titolare intenda trattare i Suoi dati per finalit\u00e0 diverse da quelle sopra descritte, \u00e8 tenuto a informarLa di tali ulteriori finalit\u00e0 prima del compimento di tale Trattamento.<\/p>&#13;\n<p><strong>Base giuridica del Trattamento<\/strong><\/p>&#13;\n<p>Il Trattamento dei Suoi dati avviene nella misura in cui:<\/p>&#13;\n<ul>&#13;\n<li>sia stato prestato consenso esplicito al Trattamento di tali dati personali per una o pi\u00f9 finalit\u00e0 specifiche (art. 6 par. 1 lett. a) e art. 9 par. 2 lett. a) Reg. UE 679\/2016);<\/li>&#13;\n<li>sia necessario all\u2019esecuzione di un contratto di cui Lei \u00e8 parte o all\u2019esecuzione delle misure contrattuali adottate su Sua richiesta (art. 6 par. 1 lett. b) Reg. UE 679\/2016);<\/li>&#13;\n<li>sia necessario per il perseguimento del legittimo interesse della Societ\u00e0 o di terzi, a condizione che non prevalgano i Suoi interessi o i Suoi diritti o le Sue libert\u00e0 fondamentali che richiedono la protezione dei dati personali (art. 6 par. 1 lett. f) Reg. UE 679\/2016).<\/li>&#13;\n<\/ul>&#13;\n<p><strong>Natura del conferimento dei dati<\/strong><\/p>&#13;\n<p>Il conferimento dei dati per le finalit\u00e0 sopra indicate \u00e8 obbligatorio in quanto richiesto ai fini dell\u2019adempimento degli obblighi legali e contrattuali. L\u2019eventuale rifiuto a fornirli o l\u2019eventuale successiva mancanza di autorizzazione al loro Trattamento potr\u00e0 determinare l\u2019impossibilit\u00e0 del Titolare a dar corso ai rapporti contrattuali medesimi.<\/p>&#13;\n<p><strong>Modalit\u00e0 di Trattamento dei dati<\/strong><\/p>&#13;\n<p>Il Trattamento sar\u00e0 svolto in forma automatizzata e\/o manuale, con modalit\u00e0 e strumenti, nel rispetto delle misure di sicurezza di cui all\u2019art. 32 del GDPR, ad opera di soggetti appositamente incaricati, in ottemperanza a quanto previsto dall\u2019art. 29 GDPR, allo scopo di perseguire unicamente le finalit\u00e0 per le quali i dati sono stati raccolti e, comunque, in modo tale da garantirne la sicurezza e la riservatezza.<\/p>&#13;\n<p>La informiamo, inoltre, che la Societ\u00e0 tratta i Suoi dati personali nel pieno rispetto dei principi di correttezza, liceit\u00e0 e trasparenza.<\/p>&#13;\n<p><strong>Ambito di comunicazione dei dati<\/strong><\/p>&#13;\n<p>I Suoi dati potranno essere resi accessibili a:<\/p>&#13;\n<ul>&#13;\n<li>dipendenti e collaboratori del Titolare nella loro qualit\u00e0 di incaricati (gli \u201cIncaricati\u201d) e\/o Responsabili interni del Trattamento e\/o amministratori di sistema;<\/li>&#13;\n<li>a istituti di credito, societ\u00e0 di trasporto, professionisti\/consulenti\/collaboratori esterni (es. studi commercialisti, avvocati, consulenti paghe, agenti, servizi informatici, spedizioni, societ\u00e0 di revisione) \u2013 per obblighi di legge o per esclusive ragioni funzionali nell\u2019ambito dell\u2019esecuzione del Contratto \u2013 che svolgono attivit\u00e0 in outsourcing per conto del Titolare,<br\/>nella qualit\u00e0 di Titolari esterni autonomi o di Responsabili del Trattamento, nominati dal Titolare medesimo.<\/li>&#13;\n<\/ul>&#13;\n<p>Senza il Suo espresso consenso secondo l\u2019art. 6 lett. b) e c) GPDR il Titolare potr\u00e0 comunicare i Suoi dati per le finalit\u00e0 di cui alle lett. a), b), c), d), e), f) del paragrafo \u201cFinalit\u00e0 del Trattamento\u201d, a Organismi di Vigilanza, Autorit\u00e0 giudiziarie nonch\u00e9 a tutti gli altri soggetti (es. Ispettorato del Lavoro, ASL, Enti Previdenziali, ENASARCO, Camera di Commercio) ai quali la comunicazione sia obbligatoria per legge per l\u2019espletamento delle finalit\u00e0 dette. Tali soggetti tratteranno i dati nella<br\/>loro qualit\u00e0 di autonomi Titolari del Trattamento.<\/p>&#13;\n<p><strong>Trasferimento dei dati a un Paese terzo o a un\u2019organizzazione internazionale<\/strong><\/p>&#13;\n<p>I dati personali sono trattati all\u2019interno dell\u2019Unione Europea e conservati su server ivi ubicati. Resta in ogni caso inteso che il Titolare, ove si rendesse necessario, avr\u00e0 facolt\u00e0 di trasmettere tali dati ad un Paese terzo o a un\u2019organizzazione internazionale e\/o spostare i server anche extra-UE. In tal caso, il Titolare assicura sin d\u2019ora che il trasferimento dei dati extra-UE avverr\u00e0 in conformit\u00e0 alle disposizioni di legge applicabili, di cui all\u2019art. 46 e ss. del GDPR.<\/p>&#13;\n<p><strong>Politica in materia di conservazione dei dati personali<\/strong><\/p>&#13;\n<p>La Societ\u00e0 conserva nei propri sistemi i Suoi dati personali acquisiti per un arco di tempo non superiore al perseguimento delle finalit\u00e0 sopra elencate alla durata del rapporto contrattuale alla quale la presente informativa si riferisce.<\/p>&#13;\n<p>In conformit\u00e0 al principio di limitazione del Trattamento e di minimizzazione della raccolta dei dati, la Societ\u00e0 si riserva in ogni caso di conservare i Suoi dati comunque non oltre 10 anni, oltre il termine di scadenza dell\u2019ultimo Contratto\/Ordine di acquisto sottoscritto tra le parti.<\/p>&#13;\n<p><strong>Diritti dell\u2019Interessato<\/strong><\/p>&#13;\n<p>La Societ\u00e0 La informa, infine, che, ai sensi degli artt. 15-22 del GDPR, Lei, in relazione ai Suoi dati personali, riveste la qualit\u00e0 di Interessato e potr\u00e0 esercitare in ogni momento specifici diritti, rivolgendosi al Titolare, quali:<\/p>&#13;\n<p><em>Diritto di accesso:<\/em>\u00a0diritto di ottenere dal Titolare la conferma che sia o meno in corso il Trattamento di dati personali e in tal caso, di ottenere l\u2019accesso ai dati personali, nonch\u00e9 ad ulteriori informazioni su origine, finalit\u00e0, categoria di dati trattati, destinatari di comunicazione e\/o trasferimento dei dati, il periodo di conservazione dei dati personali o i criteri utilizzati per determinare tale periodo.<\/p>&#13;\n<p><em>Diritto di rettifica:<\/em>\u00a0diritto di ottenere dal Titolare la rettifica dei dati personali inesatti senza ingiustificato ritardo, nonch\u00e9 l\u2019integrazione dei dati personali incompleti, anche fornendo una dichiarazione integrativa.<\/p>&#13;\n<p><em>Diritto alla cancellazione:<\/em>\u00a0diritto di ottenere dal Titolare la cancellazione dei dati personali senza ingiustificato ritardo nel caso in cui:<\/p>&#13;\n<ul>&#13;\n<li>i dati personali non sono pi\u00f9 necessari rispetto alle finalit\u00e0 del Trattamento;<\/li>&#13;\n<li>il consenso su cui si basa il Trattamento \u00e8 revocato e non sussiste altro fondamento giuridico per il Trattamento;<\/li>&#13;\n<li>i dati personali sono stati trattati illecitamente;<\/li>&#13;\n<li>i dati personali devono essere cancellati per adempiere un obbligo legale previsto dal diritto dell\u2019UE o dello stato membro.<\/li>&#13;\n<li>l\u2019Interessato si opponga al Trattamento e non sussista alcun motivo legittimo prevalente per procedere al Trattamento, oppure quando si opponga al Trattamento nei casi previsti dall\u2019art. 21, paragrafo 2, del GDPR (dati personali trattati per finalit\u00e0 di marketing diretto)<\/li>&#13;\n<\/ul>&#13;\n<p><em>Diritto di opposizione al Trattamento:<\/em>\u00a0diritto di opporsi in qualsiasi momento al Trattamento, compresa la profilazione, qualora sull\u2019interesse legittimo del Titolare prevalgano interessi, diritti e liber\u00e0 fondamentali dell\u2019Interessato, qualora esso sia effettuato per finalit\u00e0 di marketing diretto, qualora i dati personali siano trattati a fini di ricerca<br\/>scientifica o storica o a fini statistici.<\/p>&#13;\n<p><em>Diritto di limitazione di Trattamento:<\/em>\u00a0diritto di ottenere dal Titolare la limitazione del Trattamento, nei casi in cui sia contestata l\u2019esattezza dei dati personali (per il periodo necessario al Titolare del Trattamento per verificare l\u2019esattezza di tali dati personali), se il Trattamento \u00e8 illecito e\/o l\u2019Interessato si \u00e8 opposto al Trattamento chiedendone la<br\/>limitazione.<\/p>&#13;\n<p><em>Diritto alla portabilit\u00e0 dei dati:<\/em>\u00a0diritto di ricevere in un formato strutturato, di uso comune e leggibile da dispositivo automatico, i dati personali e di trasmettere tali dati ad altro titolare del Trattamento, solo per i casi in cui il Trattamento sia basato sul consenso e per i soli dati il cui Trattamento sia effettuato con mezzi automatizzati.<\/p>&#13;\n<p><em>Diritto di revoca del consenso:<\/em>\u00a0qualora il Trattamento sia basato sul Suo consenso esplicito, ha il diritto di revocare il consenso in precedenza prestato in qualsiasi momento senza che ci\u00f2 pregiudichi la liceit\u00e0 dei trattamenti effettuati sulla base del Suo consenso legittimamente reso prima della revoca.<\/p>&#13;\n<p><em>Diritto di proporre reclamo a un\u2019autorit\u00e0 di controllo:<\/em>\u00a0in caso di violazione alla Normativa Privacy, in qualit\u00e0 di Interessato, ha il diritto di proporre reclamo all\u2019autorit\u00e0 di controllo dello stato membro in cui risiede o lavora abitualmente, ovvero dello stato in cui si \u00e8 verificata la presunta violazione, fatto salvo ogni altro ricorso amministrativo o<br\/>giurisdizionale.<\/p>&#13;\n<p>Se desidera avere maggiori informazioni sul Trattamento dei Suoi dati personali ed esercitare i diritti precedentemente indicati, pu\u00f2 inviare una richiesta scritta utilizzando i nostri contatti.<\/p>&#13;\n<p>In caso di richiesta da parte Sua di informazioni relative ai Suoi dati, il Titolare dar\u00e0 riscontro al pi\u00f9 presto \u2013 salvo che ci\u00f2 si riveli impossibile o implichi uno sforzo sproporzionato \u2013 e comunque non oltre i 30 giorni dall\u2019istanza. Eventuali impossibilit\u00e0 o ritardi da parte del Titolare nel soddisfare le richieste saranno adeguatamente motivati.<\/p>&#13;\n<p><strong>Processi decisionali automatizzati<\/strong><\/p>&#13;\n<p>Il Titolare non effettua Trattamenti che consistono in processi decisionali automatizzati sui dati trattati.<\/p>&#13;\n","protected":false},"excerpt":{"rendered":"<p>&#13; GDPR personal data treatment &#13; Teknoprogetti engineering Srl, p.iva 03946390964 con sede legale in via Verga 2 a Monza, in persona dell\u2019Ing. Antonio Salmoiraghi, \u00a0(la \u201cSociet\u00e0\u201d) desidera informarLa, in qualit\u00e0 di interessato (l\u2019\u201dInteressato\u201d) che, ai sensi e per gli effetti Regolamento UE 2016\/679 relativo alla \u201cprotezione delle persone fisiche con riguardo al trattamento dei [&hellip;]<\/p>\n","protected":false},"author":1,"featured_media":0,"parent":0,"menu_order":0,"comment_status":"closed","ping_status":"open","template":"","meta":{"footnotes":""},"class_list":["post-2917","page","type-page","status-publish","hentry"],"_links":{"self":[{"href":"https:\/\/teknoprogettisrl.it\/en\/wp-json\/wp\/v2\/pages\/2917","targetHints":{"allow":["GET"]}}],"collection":[{"href":"https:\/\/teknoprogettisrl.it\/en\/wp-json\/wp\/v2\/pages"}],"about":[{"href":"https:\/\/teknoprogettisrl.it\/en\/wp-json\/wp\/v2\/types\/page"}],"author":[{"embeddable":true,"href":"https:\/\/teknoprogettisrl.it\/en\/wp-json\/wp\/v2\/users\/1"}],"replies":[{"embeddable":true,"href":"https:\/\/teknoprogettisrl.it\/en\/wp-json\/wp\/v2\/comments?post=2917"}],"version-history":[{"count":4,"href":"https:\/\/teknoprogettisrl.it\/en\/wp-json\/wp\/v2\/pages\/2917\/revisions"}],"predecessor-version":[{"id":3388,"href":"https:\/\/teknoprogettisrl.it\/en\/wp-json\/wp\/v2\/pages\/2917\/revisions\/3388"}],"wp:attachment":[{"href":"https:\/\/teknoprogettisrl.it\/en\/wp-json\/wp\/v2\/media?parent=2917"}],"curies":[{"name":"wp","href":"https:\/\/api.w.org\/{rel}","templated":true}]}}